{"id":5782,"date":"2019-09-22T22:28:51","date_gmt":"2019-09-22T20:28:51","guid":{"rendered":"https:\/\/swida.sk\/career\/"},"modified":"2023-04-18T16:05:13","modified_gmt":"2023-04-18T14:05:13","slug":"carriere","status":"publish","type":"page","link":"https:\/\/swida.sk\/fr\/carriere\/","title":{"rendered":"Carri\u00e8re"},"content":{"rendered":"<h3>Quelle exp\u00e9rience a-t-on en travaillant chez SWIDA Innovative ?<\/h3>\n<p>Le succ\u00e8s de notre entreprise est bas\u00e9 sur une \u00e9quipe ambitieuse et efficace, ouverte aux d\u00e9fis professionnels. SWIDA est repr\u00e9sent\u00e9e par nos valeurs : LA RESPONSABILIT\u00c9, LE PARTENARIAT, LE D\u00c9VELOPPEMENT, LA CULTURE et LE PROFESSIONNALISME, qui constituent notre pens\u00e9e progressiste. Quand nous r\u00e9alisons des buts, nous pensons toujours \u00e0 nos clients, \u00e0 nos employ\u00e9s et \u00e0 notre environnement.<\/p>\n<h4><strong> En ce moment nous avons besoin d\u2019un:<\/strong><\/h4>\n<ul>\n<li><strong>Sp\u00e9cialiste des ventes<\/strong><\/li>\n<li><strong>Le proposant<\/strong><\/li>\n<li><strong>Responsable informatique<\/strong><\/li>\n<\/ul>\n<p>Au fur et \u00e0 mesure que notre entreprise fait du progr\u00e8s avec succ\u00e8s, notre \u00e9quipe fait du progr\u00e8s aussi. Voulez-vous en faire partie?<\/p>\n<p><img loading=\"lazy\" class=\"aligncenter size-full wp-image-1956\" style=\"top: 3px; position: relative;\" src=\"https:\/\/swida.sk\/wp-content\/uploads\/2021\/05\/phone_signature.png\" alt=\"ikonka\" width=\"16\" height=\"16\" \/> +421&nbsp;948&nbsp;330&nbsp;677<\/p>\n<p><img loading=\"lazy\" class=\"aligncenter size-full wp-image-1940\" style=\"top: 3px; position: relative;\" src=\"https:\/\/swida.sk\/wp-content\/uploads\/2021\/05\/email_signature.png\" alt=\"ikonka\" width=\"16\" height=\"16\" \/> job@swida.sk<\/p>\n","protected":false},"excerpt":{"rendered":"<p>Quelle exp\u00e9rience a-t-on en travaillant chez SWIDA Innovative ? Le succ\u00e8s de notre entreprise est bas\u00e9 sur une \u00e9quipe ambitieuse et efficace, ouverte aux d\u00e9fis professionnels. SWIDA est repr\u00e9sent\u00e9e par nos valeurs : LA RESPONSABILIT\u00c9, LE PARTENARIAT, LE D\u00c9VELOPPEMENT, LA CULTURE et LE PROFESSIONNALISME, qui constituent notre pens\u00e9e progressiste. Quand nous r\u00e9alisons des buts, nous [&hellip;]<\/p>\n","protected":false},"author":1,"featured_media":5222,"parent":0,"menu_order":0,"comment_status":"closed","ping_status":"closed","template":"template-career.php","meta":[],"detail_pracovnej_ponuky":[],"_links":{"self":[{"href":"https:\/\/swida.sk\/fr\/wp-json\/wp\/v2\/pages\/5782"}],"collection":[{"href":"https:\/\/swida.sk\/fr\/wp-json\/wp\/v2\/pages"}],"about":[{"href":"https:\/\/swida.sk\/fr\/wp-json\/wp\/v2\/types\/page"}],"author":[{"embeddable":true,"href":"https:\/\/swida.sk\/fr\/wp-json\/wp\/v2\/users\/1"}],"replies":[{"embeddable":true,"href":"https:\/\/swida.sk\/fr\/wp-json\/wp\/v2\/comments?post=5782"}],"version-history":[{"count":3,"href":"https:\/\/swida.sk\/fr\/wp-json\/wp\/v2\/pages\/5782\/revisions"}],"predecessor-version":[{"id":5939,"href":"https:\/\/swida.sk\/fr\/wp-json\/wp\/v2\/pages\/5782\/revisions\/5939"}],"wp:featuredmedia":[{"embeddable":true,"href":"https:\/\/swida.sk\/fr\/wp-json\/wp\/v2\/media\/5222"}],"wp:attachment":[{"href":"https:\/\/swida.sk\/fr\/wp-json\/wp\/v2\/media?parent=5782"}],"wp:term":[{"taxonomy":"detail_pracovnej_ponuky","embeddable":true,"href":"https:\/\/swida.sk\/fr\/wp-json\/wp\/v2\/detail_pracovnej_ponuky?post=5782"}],"curies":[{"name":"wp","href":"https:\/\/api.w.org\/{rel}","templated":true}]}}