{"id":5629,"date":"2019-09-29T19:20:55","date_gmt":"2019-09-29T17:20:55","guid":{"rendered":"https:\/\/swida.sk\/contact\/"},"modified":"2025-02-10T10:48:16","modified_gmt":"2025-02-10T09:48:16","slug":"contact","status":"publish","type":"page","link":"https:\/\/swida.sk\/fr\/contact\/","title":{"rendered":"Contact"},"content":{"rendered":"","protected":false},"excerpt":{"rendered":"","protected":false},"author":1,"featured_media":5222,"parent":0,"menu_order":0,"comment_status":"closed","ping_status":"closed","template":"template-contact.php","meta":{"_acf_changed":false,"footnotes":""},"detail_pracovnej_ponuky":[],"class_list":["post-5629","page","type-page","status-publish","has-post-thumbnail","hentry"],"acf":[],"yoast_head":"<!-- This site is optimized with the Yoast SEO plugin v27.5 - https:\/\/yoast.com\/product\/yoast-seo-wordpress\/ -->\n<title>Contact | SWIDA Innovative | Feel free to contact us!<\/title>\n<meta name=\"description\" content=\"En cas de questions ou de possibilit\u00e9s de coop\u00e9ration, n&#039;h\u00e9sitez pas \u00e0 nous contacter via le formulaire de contact ou en utilisant l&#039;un de nos num\u00e9ros de t\u00e9l\u00e9phone.\" \/>\n<meta name=\"robots\" content=\"index, follow, max-snippet:-1, max-image-preview:large, max-video-preview:-1\" \/>\n<link rel=\"canonical\" href=\"https:\/\/swida.sk\/kontakt\/\" \/>\n<meta property=\"og:locale\" content=\"fr_FR\" \/>\n<meta property=\"og:type\" content=\"article\" \/>\n<meta property=\"og:title\" content=\"Contact | SWIDA Innovative | Feel free to contact us!\" \/>\n<meta property=\"og:description\" content=\"En cas de questions ou de possibilit\u00e9s de coop\u00e9ration, n&#039;h\u00e9sitez pas \u00e0 nous contacter via le formulaire de contact ou en utilisant l&#039;un de nos num\u00e9ros de t\u00e9l\u00e9phone.\" \/>\n<meta property=\"og:url\" content=\"https:\/\/swida.sk\/kontakt\/\" \/>\n<meta property=\"og:site_name\" content=\"Swida Innovative\" \/>\n<meta property=\"article:modified_time\" content=\"2025-02-10T09:48:16+00:00\" \/>\n<meta property=\"og:image\" content=\"https:\/\/swida.sk\/wp-content\/uploads\/2022\/09\/fb-share-image-2.png\" \/>\n\t<meta property=\"og:image:width\" content=\"1200\" \/>\n\t<meta property=\"og:image:height\" content=\"630\" \/>\n\t<meta property=\"og:image:type\" content=\"image\/png\" \/>\n<meta name=\"twitter:card\" content=\"summary_large_image\" \/>\n<script type=\"application\/ld+json\" class=\"yoast-schema-graph\">{\"@context\":\"https:\\\/\\\/schema.org\",\"@graph\":[{\"@type\":\"WebPage\",\"@id\":\"https:\\\/\\\/swida.sk\\\/kontakt\\\/\",\"url\":\"https:\\\/\\\/swida.sk\\\/kontakt\\\/\",\"name\":\"Contact | SWIDA Innovative | Feel free to contact us!\",\"isPartOf\":{\"@id\":\"https:\\\/\\\/swida.sk\\\/en\\\/#website\"},\"primaryImageOfPage\":{\"@id\":\"https:\\\/\\\/swida.sk\\\/kontakt\\\/#primaryimage\"},\"image\":{\"@id\":\"https:\\\/\\\/swida.sk\\\/kontakt\\\/#primaryimage\"},\"thumbnailUrl\":\"https:\\\/\\\/swida.sk\\\/wp-content\\\/uploads\\\/2022\\\/09\\\/fb-share-image-2.png\",\"datePublished\":\"2019-09-29T17:20:55+00:00\",\"dateModified\":\"2025-02-10T09:48:16+00:00\",\"description\":\"En cas de questions ou de possibilit\u00e9s de coop\u00e9ration, n'h\u00e9sitez pas \u00e0 nous contacter via le formulaire de contact ou en utilisant l'un de nos num\u00e9ros de t\u00e9l\u00e9phone.\",\"breadcrumb\":{\"@id\":\"https:\\\/\\\/swida.sk\\\/kontakt\\\/#breadcrumb\"},\"inLanguage\":\"fr-FR\",\"potentialAction\":[{\"@type\":\"ReadAction\",\"target\":[\"https:\\\/\\\/swida.sk\\\/kontakt\\\/\"]}]},{\"@type\":\"ImageObject\",\"inLanguage\":\"fr-FR\",\"@id\":\"https:\\\/\\\/swida.sk\\\/kontakt\\\/#primaryimage\",\"url\":\"https:\\\/\\\/swida.sk\\\/wp-content\\\/uploads\\\/2022\\\/09\\\/fb-share-image-2.png\",\"contentUrl\":\"https:\\\/\\\/swida.sk\\\/wp-content\\\/uploads\\\/2022\\\/09\\\/fb-share-image-2.png\",\"width\":1200,\"height\":630},{\"@type\":\"BreadcrumbList\",\"@id\":\"https:\\\/\\\/swida.sk\\\/kontakt\\\/#breadcrumb\",\"itemListElement\":[{\"@type\":\"ListItem\",\"position\":1,\"name\":\"Home\",\"item\":\"https:\\\/\\\/swida.sk\\\/fr\\\/\"},{\"@type\":\"ListItem\",\"position\":2,\"name\":\"Contact\"}]},{\"@type\":\"WebSite\",\"@id\":\"https:\\\/\\\/swida.sk\\\/en\\\/#website\",\"url\":\"https:\\\/\\\/swida.sk\\\/en\\\/\",\"name\":\"Swida Innovative\",\"description\":\"The Future of Express Transport\",\"potentialAction\":[{\"@type\":\"SearchAction\",\"target\":{\"@type\":\"EntryPoint\",\"urlTemplate\":\"https:\\\/\\\/swida.sk\\\/en\\\/?s={search_term_string}\"},\"query-input\":{\"@type\":\"PropertyValueSpecification\",\"valueRequired\":true,\"valueName\":\"search_term_string\"}}],\"inLanguage\":\"fr-FR\"}]}<\/script>\n<!-- \/ Yoast SEO plugin. -->","yoast_head_json":{"title":"Contact | SWIDA Innovative | Feel free to contact us!","description":"En cas de questions ou de possibilit\u00e9s de coop\u00e9ration, n'h\u00e9sitez pas \u00e0 nous contacter via le formulaire de contact ou en utilisant l'un de nos num\u00e9ros de t\u00e9l\u00e9phone.","robots":{"index":"index","follow":"follow","max-snippet":"max-snippet:-1","max-image-preview":"max-image-preview:large","max-video-preview":"max-video-preview:-1"},"canonical":"https:\/\/swida.sk\/kontakt\/","og_locale":"fr_FR","og_type":"article","og_title":"Contact | SWIDA Innovative | Feel free to contact us!","og_description":"En cas de questions ou de possibilit\u00e9s de coop\u00e9ration, n'h\u00e9sitez pas \u00e0 nous contacter via le formulaire de contact ou en utilisant l'un de nos num\u00e9ros de t\u00e9l\u00e9phone.","og_url":"https:\/\/swida.sk\/kontakt\/","og_site_name":"Swida Innovative","article_modified_time":"2025-02-10T09:48:16+00:00","og_image":[{"width":1200,"height":630,"url":"https:\/\/swida.sk\/wp-content\/uploads\/2022\/09\/fb-share-image-2.png","type":"image\/png"}],"twitter_card":"summary_large_image","schema":{"@context":"https:\/\/schema.org","@graph":[{"@type":"WebPage","@id":"https:\/\/swida.sk\/kontakt\/","url":"https:\/\/swida.sk\/kontakt\/","name":"Contact | SWIDA Innovative | Feel free to contact us!","isPartOf":{"@id":"https:\/\/swida.sk\/en\/#website"},"primaryImageOfPage":{"@id":"https:\/\/swida.sk\/kontakt\/#primaryimage"},"image":{"@id":"https:\/\/swida.sk\/kontakt\/#primaryimage"},"thumbnailUrl":"https:\/\/swida.sk\/wp-content\/uploads\/2022\/09\/fb-share-image-2.png","datePublished":"2019-09-29T17:20:55+00:00","dateModified":"2025-02-10T09:48:16+00:00","description":"En cas de questions ou de possibilit\u00e9s de coop\u00e9ration, n'h\u00e9sitez pas \u00e0 nous contacter via le formulaire de contact ou en utilisant l'un de nos num\u00e9ros de t\u00e9l\u00e9phone.","breadcrumb":{"@id":"https:\/\/swida.sk\/kontakt\/#breadcrumb"},"inLanguage":"fr-FR","potentialAction":[{"@type":"ReadAction","target":["https:\/\/swida.sk\/kontakt\/"]}]},{"@type":"ImageObject","inLanguage":"fr-FR","@id":"https:\/\/swida.sk\/kontakt\/#primaryimage","url":"https:\/\/swida.sk\/wp-content\/uploads\/2022\/09\/fb-share-image-2.png","contentUrl":"https:\/\/swida.sk\/wp-content\/uploads\/2022\/09\/fb-share-image-2.png","width":1200,"height":630},{"@type":"BreadcrumbList","@id":"https:\/\/swida.sk\/kontakt\/#breadcrumb","itemListElement":[{"@type":"ListItem","position":1,"name":"Home","item":"https:\/\/swida.sk\/fr\/"},{"@type":"ListItem","position":2,"name":"Contact"}]},{"@type":"WebSite","@id":"https:\/\/swida.sk\/en\/#website","url":"https:\/\/swida.sk\/en\/","name":"Swida Innovative","description":"The Future of Express Transport","potentialAction":[{"@type":"SearchAction","target":{"@type":"EntryPoint","urlTemplate":"https:\/\/swida.sk\/en\/?s={search_term_string}"},"query-input":{"@type":"PropertyValueSpecification","valueRequired":true,"valueName":"search_term_string"}}],"inLanguage":"fr-FR"}]}},"_links":{"self":[{"href":"https:\/\/swida.sk\/fr\/wp-json\/wp\/v2\/pages\/5629","targetHints":{"allow":["GET"]}}],"collection":[{"href":"https:\/\/swida.sk\/fr\/wp-json\/wp\/v2\/pages"}],"about":[{"href":"https:\/\/swida.sk\/fr\/wp-json\/wp\/v2\/types\/page"}],"author":[{"embeddable":true,"href":"https:\/\/swida.sk\/fr\/wp-json\/wp\/v2\/users\/1"}],"replies":[{"embeddable":true,"href":"https:\/\/swida.sk\/fr\/wp-json\/wp\/v2\/comments?post=5629"}],"version-history":[{"count":14,"href":"https:\/\/swida.sk\/fr\/wp-json\/wp\/v2\/pages\/5629\/revisions"}],"predecessor-version":[{"id":7959,"href":"https:\/\/swida.sk\/fr\/wp-json\/wp\/v2\/pages\/5629\/revisions\/7959"}],"wp:featuredmedia":[{"embeddable":true,"href":"https:\/\/swida.sk\/fr\/wp-json\/wp\/v2\/media\/5222"}],"wp:attachment":[{"href":"https:\/\/swida.sk\/fr\/wp-json\/wp\/v2\/media?parent=5629"}],"wp:term":[{"taxonomy":"detail_pracovnej_ponuky","embeddable":true,"href":"https:\/\/swida.sk\/fr\/wp-json\/wp\/v2\/detail_pracovnej_ponuky?post=5629"}],"curies":[{"name":"wp","href":"https:\/\/api.w.org\/{rel}","templated":true}]}}