{"id":510,"date":"2019-09-22T22:28:51","date_gmt":"2019-09-22T20:28:51","guid":{"rendered":"http:\/\/wp.swida.sk\/kariera\/"},"modified":"2024-03-06T13:05:17","modified_gmt":"2024-03-06T12:05:17","slug":"kariera","status":"publish","type":"page","link":"https:\/\/swida.sk\/de\/kariera\/","title":{"rendered":"Karriere"},"content":{"rendered":"<h3>Warum f\u00fcr SWIDA Innovative arbeiten?<\/h3>\n<p>Wir sind eine dynamische Gesellschaft, die innovative L\u00f6sungen genau wie in&nbsp;ihrem Namen mitbringt, dank denen sie auf dem Speditionsmarkt Schritt h\u00e4lt. Unser junges und begabtes Team ist in&nbsp;der Lage Gesch\u00e4ftskontakte mit den f\u00fchrenden Gesellschaften in&nbsp;Europa aufzubauen.<\/p>\n<p>Wir bietenein breites Spektrumvon Arbeitsstellen an, damit jeder den Job findet, der ihm m\u00f6glichst am meisten liegt. Selbstverst\u00e4ndlich vergessen wir weder die Wichtigkeit der pers\u00f6nlichen Entwicklung noch eine potenzielle Berufschance. Sie k\u00f6nnen sich aufeine Menge von Vorteilen in&nbsp;unsere Firma und besonders aufunser Team freuen, das Sie lieben lernen werden.<\/p>\n<p>Wenn Sie auch Teil unseres Teams werden m\u00f6chten, kontaktieren Sie uns einfachunter der Telefonnummer <a href=\"tel:+421948330677\">(00421)948&nbsp;330&nbsp;677<\/a> oder schicken Sie uns eine E-Mail an <a href=\"mailto:job@swida.sk\">job@swida.sk<\/a>.<\/p>\n","protected":false},"excerpt":{"rendered":"<p>Warum f\u00fcr SWIDA Innovative arbeiten? Wir sind eine dynamische Gesellschaft, die innovative L\u00f6sungen genau wie in&nbsp;ihrem Namen mitbringt, dank denen sie auf dem Speditionsmarkt Schritt h\u00e4lt. Unser junges und begabtes Team ist in&nbsp;der Lage Gesch\u00e4ftskontakte mit den f\u00fchrenden Gesellschaften in&nbsp;Europa aufzubauen. Wir bietenein breites Spektrumvon Arbeitsstellen an, damit jeder den Job findet, der ihm m\u00f6glichst [&hellip;]<\/p>\n","protected":false},"author":1,"featured_media":3304,"parent":0,"menu_order":0,"comment_status":"closed","ping_status":"closed","template":"template-career.php","meta":[],"detail_pracovnej_ponuky":[],"_links":{"self":[{"href":"https:\/\/swida.sk\/de\/wp-json\/wp\/v2\/pages\/510"}],"collection":[{"href":"https:\/\/swida.sk\/de\/wp-json\/wp\/v2\/pages"}],"about":[{"href":"https:\/\/swida.sk\/de\/wp-json\/wp\/v2\/types\/page"}],"author":[{"embeddable":true,"href":"https:\/\/swida.sk\/de\/wp-json\/wp\/v2\/users\/1"}],"replies":[{"embeddable":true,"href":"https:\/\/swida.sk\/de\/wp-json\/wp\/v2\/comments?post=510"}],"version-history":[{"count":7,"href":"https:\/\/swida.sk\/de\/wp-json\/wp\/v2\/pages\/510\/revisions"}],"predecessor-version":[{"id":7022,"href":"https:\/\/swida.sk\/de\/wp-json\/wp\/v2\/pages\/510\/revisions\/7022"}],"wp:featuredmedia":[{"embeddable":true,"href":"https:\/\/swida.sk\/de\/wp-json\/wp\/v2\/media\/3304"}],"wp:attachment":[{"href":"https:\/\/swida.sk\/de\/wp-json\/wp\/v2\/media?parent=510"}],"wp:term":[{"taxonomy":"detail_pracovnej_ponuky","embeddable":true,"href":"https:\/\/swida.sk\/de\/wp-json\/wp\/v2\/detail_pracovnej_ponuky?post=510"}],"curies":[{"name":"wp","href":"https:\/\/api.w.org\/{rel}","templated":true}]}}