{"id":2598,"date":"2022-03-20T20:03:21","date_gmt":"2022-03-20T19:03:21","guid":{"rendered":"https:\/\/swida.sk\/happy-customer\/"},"modified":"2024-12-05T17:15:54","modified_gmt":"2024-12-05T16:15:54","slug":"happy-customer","status":"publish","type":"page","link":"https:\/\/swida.sk\/de\/happy-customer\/","title":{"rendered":"Happy customer"},"content":{"rendered":"<div class=\"row justify-content-center\">\n<div class=\"col-xl-6 col-lg-8 align-self-center\">\n<div class=\"hc-headline text-center text-white\">\n<h1 class=\"text-white\">Stra\u00dfeng\u00fcterverkehr in&nbsp;ganz Europa.<\/h1>\n<p>Buchen Sie jetzt Ihren Transport. Nur Gesch\u00e4ftliche Anfragen.<\/p>\n<\/div>\n<\/div>\n<\/div>\n<div class=\"hc-form-holder\">\n<h2>erhalten Sie ein kostenloses Preisangebot<\/h2>\n<div role=\"form\" class=\"wpcf7\" id=\"wpcf7-f3041-o1\" lang=\"de-DE\" dir=\"ltr\">\n<div class=\"screen-reader-response\"><\/div>\n<form action=\"\/de\/wp-json\/wp\/v2\/pages\/2598#wpcf7-f3041-o1\" method=\"post\" class=\"wpcf7-form\" novalidate=\"novalidate\">\n<div style=\"display: none;\">\n<input type=\"hidden\" name=\"_wpcf7\" value=\"3041\" \/>\n<input type=\"hidden\" name=\"_wpcf7_version\" value=\"5.1.4\" \/>\n<input type=\"hidden\" name=\"_wpcf7_locale\" value=\"de_DE\" \/>\n<input type=\"hidden\" name=\"_wpcf7_unit_tag\" value=\"wpcf7-f3041-o1\" \/>\n<input type=\"hidden\" name=\"_wpcf7_container_post\" value=\"0\" \/>\n<input type=\"hidden\" name=\"g-recaptcha-response\" value=\"\" \/>\n<\/div>\n<div id=\"happycustomer-form\">\n<div class=\"row\">\n<div class=\"col-md-6 nakladka\">\n        <label><b>Ladeplatz *<\/b><br \/>\n            <span class=\"wpcf7-form-control-wrap pickup-location\"><input type=\"text\" name=\"pickup-location\" value=\"\" size=\"40\" class=\"wpcf7-form-control wpcf7-text wpcf7-validates-as-required form__input\" id=\"input-from\" aria-required=\"true\" aria-invalid=\"false\" placeholder=\"z.B. Berlin, Deutschland\" \/><\/span> <\/label>\n    <\/div>\n<div class=\"col-md-6 vykladka\">\n        <label><b>Entladeplatz *<\/b><br \/>\n            <span class=\"wpcf7-form-control-wrap delivery-location\"><input type=\"text\" name=\"delivery-location\" value=\"\" size=\"40\" class=\"wpcf7-form-control wpcf7-text wpcf7-validates-as-required form__input\" id=\"input-to\" aria-required=\"true\" aria-invalid=\"false\" placeholder=\"z.B. Stockholm, Schweden\" \/><\/span> <\/label>\n    <\/div>\n<\/div>\n<div class=\"row\">\n<div class=\"col-md-6\">\n        <span class=\"wpcf7-form-control-wrap pickup-date\"><span class=\"wpcf7-form-control wpcf7-checkbox\" id=\"pickup-date\"><span class=\"wpcf7-list-item first last\"><label><input type=\"checkbox\" name=\"pickup-date[]\" value=\"Ladedatum w\u00e4hlen\" \/><span class=\"wpcf7-list-item-label\">Ladedatum w\u00e4hlen<\/span><\/label><\/span><\/span><\/span><br \/>\n        <span class=\"wpcf7-form-control-wrap pickup-date-input\"><input type=\"date\" name=\"pickup-date-input\" value=\"\" class=\"wpcf7-form-control wpcf7-date wpcf7-validates-as-date form__input d-none-ni\" id=\"pickup-date-input\" aria-invalid=\"false\" \/><\/span>\n    <\/div>\n<div class=\"col-md-6\">\n        <span class=\"wpcf7-form-control-wrap delivery-date\"><span class=\"wpcf7-form-control wpcf7-checkbox d-none-ni\" id=\"delivery-date\"><span class=\"wpcf7-list-item first last\"><label><input type=\"checkbox\" name=\"delivery-date[]\" value=\"W\u00e4hlen Sie einen Liefertermin\" \/><span class=\"wpcf7-list-item-label\">W\u00e4hlen Sie einen Liefertermin<\/span><\/label><\/span><\/span><\/span><br \/>\n        <span class=\"wpcf7-form-control-wrap delivery-date-input\"><input type=\"date\" name=\"delivery-date-input\" value=\"\" class=\"wpcf7-form-control wpcf7-date wpcf7-validates-as-date form__input d-none-ni\" id=\"delivery-date-input\" aria-invalid=\"false\" \/><\/span>\n    <\/div>\n<\/div>\n<div class=\"row\">\n<div class=\"col-md-6\">\n        <label><b>Firmen E-Mail *<\/b><br \/>\n        <span class=\"wpcf7-form-control-wrap company-email\"><input type=\"email\" name=\"company-email\" value=\"\" size=\"40\" class=\"wpcf7-form-control wpcf7-text wpcf7-email wpcf7-validates-as-required wpcf7-validates-as-email form__input\" id=\"company-email\" aria-required=\"true\" aria-invalid=\"false\" placeholder=\"z.B. name@company.com\" \/><\/span> <\/label>\n    <\/div>\n<div class=\"col-md-6\">\n        <label><b>Telefonnummer *<\/b><br \/>\n        <span class=\"wpcf7-form-control-wrap phone-number\"><input type=\"tel\" name=\"phone-number\" value=\"\" size=\"40\" class=\"wpcf7-form-control wpcf7-text wpcf7-tel wpcf7-validates-as-required wpcf7-validates-as-tel form__input\" id=\"phone-number\" aria-required=\"true\" aria-invalid=\"false\" placeholder=\"z.B. +421 905 123 465\" \/><\/span> <\/label>\n    <\/div>\n<\/div>\n<div class=\"row\">\n<div class=\"col-md-6\">\n        <label><b>Name der Firma *<\/b><br \/>\n        <span class=\"wpcf7-form-control-wrap Nazov-firmy\"><input type=\"text\" name=\"Nazov-firmy\" value=\"\" size=\"40\" class=\"wpcf7-form-control wpcf7-text wpcf7-validates-as-required form__input\" aria-required=\"true\" aria-invalid=\"false\" placeholder=\"Name der Firma\" \/><\/span> <\/label>\n    <\/div>\n<div class=\"col-md-6\">\n        <label><b>Unternehmenssegment<\/b><br \/>\n<span class=\"wpcf7-form-control-wrap Zoznam-segmentov\"><select name=\"Zoznam-segmentov\" class=\"wpcf7-form-control wpcf7-select form__input\" id=\"zoznam-segmentov\" aria-invalid=\"false\"><option value=\"\">---<\/option><option value=\"Automobilindustrie\">Automobilindustrie<\/option><option value=\"Luftfahrtindustrie\">Luftfahrtindustrie<\/option><option value=\"Pharmaindustrie\">Pharmaindustrie<\/option><option value=\"Chemieindustrie\">Chemieindustrie<\/option><option value=\"Bauindustrie\">Bauindustrie<\/option><option value=\"andere\">andere<\/option><\/select><\/span>\n    <\/div>\n<\/div>\n<div class=\"row\">\n    <!--\n<div class=\"col-md-12\">\n        <span class=\"wpcf7-form-control-wrap additional-info\"><span class=\"wpcf7-form-control wpcf7-checkbox\" id=\"additional-info\"><span class=\"wpcf7-list-item first last\"><label><input type=\"checkbox\" name=\"additional-info[]\" value=\"\ufeffChcem doplni\u0165 inform\u00e1cie o prepravovanom tovare\" \/><span class=\"wpcf7-list-item-label\">\ufeffChcem doplni\u0165 inform\u00e1cie o prepravovanom tovare<\/span><\/label><\/span><\/span><\/span><br \/>\n        <span class=\"wpcf7-form-control-wrap additional-info-input\"><textarea name=\"additional-info-input\" cols=\"40\" rows=\"3\" class=\"wpcf7-form-control wpcf7-textarea form__input d-none-ni\" id=\"additional-info-input\" aria-invalid=\"false\" placeholder=\"Uve\u010fte dopl\u0148uj\u00face inform\u00e1cie o prepravovanom tovare ako v\u00e1ha tovaru, typ tovaru a rozmery tovaru.\"><\/textarea><\/span>\n    <\/div>\n<p>--><\/p>\n<div class=\"col-md-12\">\n<label><b>Informationen \u00fcber die zu bef\u00f6rdernden G\u00fcter<\/b><br \/>\n<span class=\"wpcf7-form-control-wrap additional-info-input\"><textarea name=\"additional-info-input\" cols=\"40\" rows=\"3\" class=\"wpcf7-form-control wpcf7-textarea form__input placeholder-color--light\" id=\"additional-info-input\" aria-invalid=\"false\" placeholder=\"zus\u00e4tzliche Informationen \u00fcber die zu bef\u00f6rdernden G\u00fcter, wie z. B. Gewicht der G\u00fcter, Art der G\u00fcter, Ma\u00dfe der G\u00fcter\"><\/textarea><\/span>\n<\/div>\n<div class=\"col-md-12 text-center\">\n        <input type=\"submit\" value=\"SENDEN\" class=\"wpcf7-form-control wpcf7-submit form__submit button button--primary hc-submit\" \/>\n    <\/div>\n<\/div>\n<\/div>\n<p><!--<script>\n\t      function initAutocomplete() {\n\t        var inputFrom = document.getElementById('input-from');\n\t        var inputTo = document.getElementById('input-to');\n\t        var searchBoxFrom = new google.maps.places.SearchBox(inputFrom);\n\t        var searchBoxTo = new google.maps.places.SearchBox(inputTo);       \n\t      }\t\n    <\/script><script src=\"https:\/\/maps.googleapis.com\/maps\/api\/js?key=AIzaSyAn2zFEEMNor_WGBDMcYxthnqAKkyLeeAA&libraries=places&callback=initAutocomplete\"\n         async defer><\/script>--><\/p>\n<input type='hidden' class='wpcf7-pum' value='{\"closepopup\":false,\"closedelay\":0,\"openpopup\":true,\"openpopup_id\":7041}' \/><div class=\"wpcf7-response-output wpcf7-display-none\"><\/div><\/form><\/div>\n<\/div>\n<div class=\"row justify-content-center\">\n<div class=\"col-lg-3 col-md-4 text-center\">\n<p style=\"margin: 1.5rem 0 0 0 !important;\"><img loading=\"lazy\" src=\"https:\/\/swida.sk\/wp-content\/uploads\/2022\/03\/ico-main-1.svg\" alt=\"\" width=\"60\" height=\"60\" \/><\/p>\n<p class=\"text-white mt-0\"><b>Keine Verpfichtungen<\/b><\/p>\n<\/div>\n<div class=\"col-lg-3 col-md-4 text-center\">\n<p style=\"margin: 1.5rem 0 0 0 !important;\"><img loading=\"lazy\" src=\"https:\/\/swida.sk\/wp-content\/uploads\/2022\/03\/ico-main-2.svg\" alt=\"\" width=\"60\" height=\"60\" \/><\/p>\n<p class=\"text-white mt-0\"><b>Nichts zu verlieren<\/b><\/p>\n<\/div>\n<div class=\"col-lg-3 col-md-4 text-center\">\n<p style=\"margin: 1.5rem 0 0 0 !important;\"><img loading=\"lazy\" src=\"https:\/\/swida.sk\/wp-content\/uploads\/2022\/03\/ico-main-3.svg\" alt=\"\" width=\"60\" height=\"60\" \/><\/p>\n<p class=\"text-white mt-0\"><b>24\/7 Erreichbarkeit<\/b><\/p>\n<\/div>\n<div class=\"col-lg-6 col-md-10\">\n<p class=\"text-center text-white\">Unser Unternehmen konzentriert sich auf Expresstransporte, innerhalb dessen k\u00f6nnen wir auch die kompliziertesten Transporte l\u00f6sen.<\/p>\n<\/div>\n<\/div>\n","protected":false},"excerpt":{"rendered":"<p>Stra\u00dfeng\u00fcterverkehr in&nbsp;ganz Europa. Buchen Sie jetzt Ihren Transport. Nur Gesch\u00e4ftliche Anfragen. erhalten Sie ein kostenloses Preisangebot Keine Verpfichtungen Nichts zu verlieren 24\/7 Erreichbarkeit Unser Unternehmen konzentriert sich auf Expresstransporte, innerhalb dessen k\u00f6nnen wir auch die kompliziertesten Transporte l\u00f6sen.<\/p>\n","protected":false},"author":1,"featured_media":3304,"parent":0,"menu_order":0,"comment_status":"closed","ping_status":"closed","template":"template-happycustomer-new.php","meta":[],"detail_pracovnej_ponuky":[],"_links":{"self":[{"href":"https:\/\/swida.sk\/de\/wp-json\/wp\/v2\/pages\/2598"}],"collection":[{"href":"https:\/\/swida.sk\/de\/wp-json\/wp\/v2\/pages"}],"about":[{"href":"https:\/\/swida.sk\/de\/wp-json\/wp\/v2\/types\/page"}],"author":[{"embeddable":true,"href":"https:\/\/swida.sk\/de\/wp-json\/wp\/v2\/users\/1"}],"replies":[{"embeddable":true,"href":"https:\/\/swida.sk\/de\/wp-json\/wp\/v2\/comments?post=2598"}],"version-history":[{"count":11,"href":"https:\/\/swida.sk\/de\/wp-json\/wp\/v2\/pages\/2598\/revisions"}],"predecessor-version":[{"id":7872,"href":"https:\/\/swida.sk\/de\/wp-json\/wp\/v2\/pages\/2598\/revisions\/7872"}],"wp:featuredmedia":[{"embeddable":true,"href":"https:\/\/swida.sk\/de\/wp-json\/wp\/v2\/media\/3304"}],"wp:attachment":[{"href":"https:\/\/swida.sk\/de\/wp-json\/wp\/v2\/media?parent=2598"}],"wp:term":[{"taxonomy":"detail_pracovnej_ponuky","embeddable":true,"href":"https:\/\/swida.sk\/de\/wp-json\/wp\/v2\/detail_pracovnej_ponuky?post=2598"}],"curies":[{"name":"wp","href":"https:\/\/api.w.org\/{rel}","templated":true}]}}